{"id":169,"date":"2017-02-01T12:19:16","date_gmt":"2017-02-01T12:19:16","guid":{"rendered":"https:\/\/fzg-bad-abbach.de\/?page_id=169"},"modified":"2017-02-06T11:10:25","modified_gmt":"2017-02-06T11:10:25","slug":"boellerabteilung","status":"publish","type":"page","link":"https:\/\/fzg-bad-abbach.de\/?page_id=169","title":{"rendered":"B\u00f6llerabteilung"},"content":{"rendered":"<p>&nbsp;<\/p>\n<h1 class=\"txt_headline\"><span style=\"color: #007851;\"><img decoding=\"async\" loading=\"lazy\" class=\"aligncenter wp-image-285 size-full\" src=\"https:\/\/fzg-bad-abbach.de\/wp-content\/uploads\/2017\/02\/g1_boell11_09.jpg\" width=\"2563\" height=\"1922\" srcset=\"https:\/\/fzg-bad-abbach.de\/wp-content\/uploads\/2017\/02\/g1_boell11_09.jpg 2048w, https:\/\/fzg-bad-abbach.de\/wp-content\/uploads\/2017\/02\/g1_boell11_09-300x225.jpg 300w, https:\/\/fzg-bad-abbach.de\/wp-content\/uploads\/2017\/02\/g1_boell11_09-768x576.jpg 768w, https:\/\/fzg-bad-abbach.de\/wp-content\/uploads\/2017\/02\/g1_boell11_09-1024x768.jpg 1024w\" sizes=\"(max-width: 2563px) 100vw, 2563px\" \/>Eine B\u00f6llerabteilung lernt Laufen<\/span><\/h1>\n<p class=\"txt_standard\">Im Herbst 2003: Helmut Windl und Reinhold Bergler sprechen im Kaffee M\u00fcller mehrmals \u00fcber die Gr\u00fcndung einer B\u00f6llerabteilung der Kgl. Priv. Feuer- und Zimmerstutzengesellschaft 1734 &#8211; 1874 Bad Abbach.<\/p>\n<p>Anfang 2004 wirbt Helmut Windl in der Gesellschaft f\u00fcr den Aufbau einer B\u00f6llergruppe. \u00dcberraschend haben sich 13 Mitglieder der Gesellschaft bereit erkl\u00e4rt mitzumachen. Dies war die Geburtstunde der B\u00f6llerabteilung. So meldeten sich am 13.02.2004, folgende Mitglieder f\u00fcr den Grundlehrgang zum B\u00f6llerschie\u00dfen an und gr\u00fcndeten zugleich die B\u00f6llerabteilung.<\/p>\n<p><img decoding=\"async\" loading=\"lazy\" class=\"aligncenter size-full wp-image-286\" src=\"https:\/\/fzg-bad-abbach.de\/wp-content\/uploads\/2017\/02\/Boeller.jpg\" alt=\"\" width=\"1343\" height=\"908\" srcset=\"https:\/\/fzg-bad-abbach.de\/wp-content\/uploads\/2017\/02\/Boeller.jpg 1343w, https:\/\/fzg-bad-abbach.de\/wp-content\/uploads\/2017\/02\/Boeller-300x203.jpg 300w, https:\/\/fzg-bad-abbach.de\/wp-content\/uploads\/2017\/02\/Boeller-768x519.jpg 768w, https:\/\/fzg-bad-abbach.de\/wp-content\/uploads\/2017\/02\/Boeller-1024x692.jpg 1024w\" sizes=\"(max-width: 1343px) 100vw, 1343px\" \/><\/p>\n<p class=\"txt_standard\"><strong>Gr\u00fcndungsmitglieder: <\/strong>Reinhold Meny, Hans Stockmeier, Franz Sedlmeier, Christian Stockmeier, Edwin Weber, Anton Englbrecht Alwin Maag, Stefan Kopp, Reinhold Bergler, Franz Reisinger, Helmut Windl, nicht im Bild Franz Heselberger und Gerd Sch\u00f6ner<\/p>\n<p class=\"txt_standard\">Dies wird durch ein Schreiben an das Landratsamt Kelheim best\u00e4tigt.<\/p>\n<p>Am 12.03.2004 fand im Sch\u00fctzenhaus in Abensberg die Schulung mit anschlie\u00dfender Pr\u00fcfung statt. Um die n\u00f6tige Sicherheit und Erfahrung mit dem B\u00f6llerschie\u00dfen zu bekommen, \u00fcbten wir in der Sandgrube auf der Streicherh\u00f6he. Anschlie\u00dfend sa\u00dfen wir zusammen und redeten voll Begeisterung \u00fcber unsere Erfahrungen mit den neuen B\u00f6llern.<\/p>\n<p>Zum 1. Abteilungsleiter der B\u00f6llerabteilung wurde Sch\u00fctzenbruder Reinhold Bergler gew\u00e4hlt. Den ersten \u00f6ffentlichen Auftritt hatten wir am 01.05. 2004 mit 7 Sch\u00fctzen beim Maibaumaufstellen an der Evangelischen Kirche und auf dem Burgberg in Bad Abbach. Am 07.05. und 11.05.2004 schossen wir einen Ehrensalut zum 60ten Geburtstag unserer Sch\u00fctzenbr\u00fcder Leo Paintner und Anton Englbrecht.<\/p>\n<p>Mit Gudrun Kopp, Christine Sedlmeier, Werner Beck, Fredy Falderbaum kamen schnell weitere Mitglieder dazu, so dass wir Ende 2004 neunzehn Sch\u00fctzen mit siebzehn B\u00f6llern verzeichnen konnten.<\/p>\n<p>Wir beschafften einheitliche Kleidung, bestehend aus braunem Janker und Hut, brauner Bundhose und wei\u00dfen Str\u00fcmpfen.<\/p>\n<p>Die B\u00f6llersch\u00fctzen haben einen festen Platz im Ortsgeschehen gefunden und sind zu einem Aush\u00e4ngeschild der Sch\u00fctzengesellschaft geworden.<\/p>\n<p>Es folgten viele weitere Auftritte, wie das B\u00fcrgerfest Bad Abbach, die Modellflugplatzeinweihung in Balbini, das B\u00f6ller-Schauschie\u00dfen des Sch\u00fctzenvereins &#8222;Edelwei\u00df&#8220; Ascha, das Neujahrsanschie\u00dfen, das Neujahrsanblasen, und das 1. L\u00f6wenfest auf der Freizeitinsel in Bad Abbach.<br \/>\nDas 30. Kelheimer Kreisstadtfestes am 02.07.2005 wurde von den B\u00f6llersch\u00fctzen Bad Abbach er\u00f6ffnet. Im Jahre 2006 wurde dies<br \/>\nzusammen mit den B\u00f6llersch\u00fctzen aus Siegenburg wiederholt.<\/p>\n<p>Im Jahre 2006 traten alle aktiven Mitglieder der B\u00f6llerabteilung dem Arbeitskreis Nordbayerischer B\u00f6llersch\u00fctzen bei. Im September 2006 konnten wir das 1. B\u00f6llerfest mit unseren Freunden aus Siegenburg bei unserem Sch\u00fctzenbruder Reinhold Bergler auf der Streicherh\u00f6he feiern.<\/p>\n<p>Im Juni 2007 \u00fcbernahm Sch\u00fctzenbruder Walter Maag die B\u00f6llerabteilung und es folgten weitere \u00f6rtliche und \u00fcberegionale Veranstaltungen sowie ein Ehrensalut bei den runden Geburtstagen unserer Sch\u00fctzenbr\u00fcder.<\/p>\n<p>Im Jahr 2009 feierte die Gesellschaft ihr 275-j\u00e4hriges Gr\u00fcndungsfest und f\u00fcnf Jahre B\u00f6llerabteilung. Mit dem Eintritt unseres 1. Sch\u00fctzenmeisters Andreas Diermeier kann die B\u00f6llerabteilung am 01. Januar 2009 zwanzig aktive Mitglieder verzeichnen.<\/p>\n<p>Unser Engagement ist es die Brauchtumspflege zu f\u00f6rdern und mit B\u00f6llersch\u00fctzen von nah und fern Freundschaft pflegen.<\/p>\n<p><strong><br \/>\nReinhold Bergler<\/strong><\/p>\n<p>Abteilungsleiter B\u00f6llersch\u00fctzen<\/p>\n","protected":false},"excerpt":{"rendered":"<p>&nbsp; Eine B\u00f6llerabteilung lernt Laufen Im Herbst 2003: Helmut Windl und Reinhold Bergler sprechen im Kaffee M\u00fcller mehrmals \u00fcber die Gr\u00fcndung einer B\u00f6llerabteilung der Kgl. Priv. Feuer- und Zimmerstutzengesellschaft 1734 &#8211; 1874 Bad Abbach. Anfang 2004 wirbt Helmut Windl in der Gesellschaft f\u00fcr den Aufbau einer B\u00f6llergruppe. \u00dcberraschend haben sich 13 Mitglieder der Gesellschaft bereit &hellip; <\/p>\n<p><a class=\"more-link btn\" href=\"https:\/\/fzg-bad-abbach.de\/?page_id=169\">Weiterlesen<\/a><\/p>\n","protected":false},"author":1,"featured_media":0,"parent":36,"menu_order":0,"comment_status":"closed","ping_status":"closed","template":"","meta":[],"_links":{"self":[{"href":"https:\/\/fzg-bad-abbach.de\/index.php?rest_route=\/wp\/v2\/pages\/169"}],"collection":[{"href":"https:\/\/fzg-bad-abbach.de\/index.php?rest_route=\/wp\/v2\/pages"}],"about":[{"href":"https:\/\/fzg-bad-abbach.de\/index.php?rest_route=\/wp\/v2\/types\/page"}],"author":[{"embeddable":true,"href":"https:\/\/fzg-bad-abbach.de\/index.php?rest_route=\/wp\/v2\/users\/1"}],"replies":[{"embeddable":true,"href":"https:\/\/fzg-bad-abbach.de\/index.php?rest_route=%2Fwp%2Fv2%2Fcomments&post=169"}],"version-history":[{"count":10,"href":"https:\/\/fzg-bad-abbach.de\/index.php?rest_route=\/wp\/v2\/pages\/169\/revisions"}],"predecessor-version":[{"id":287,"href":"https:\/\/fzg-bad-abbach.de\/index.php?rest_route=\/wp\/v2\/pages\/169\/revisions\/287"}],"up":[{"embeddable":true,"href":"https:\/\/fzg-bad-abbach.de\/index.php?rest_route=\/wp\/v2\/pages\/36"}],"wp:attachment":[{"href":"https:\/\/fzg-bad-abbach.de\/index.php?rest_route=%2Fwp%2Fv2%2Fmedia&parent=169"}],"curies":[{"name":"wp","href":"https:\/\/api.w.org\/{rel}","templated":true}]}}