{"id":182,"date":"2017-02-01T12:50:54","date_gmt":"2017-02-01T12:50:54","guid":{"rendered":"https:\/\/fzg-bad-abbach.de\/?page_id=182"},"modified":"2026-01-04T13:04:22","modified_gmt":"2026-01-04T13:04:22","slug":"feuerschuetzen","status":"publish","type":"page","link":"https:\/\/fzg-bad-abbach.de\/?page_id=182","title":{"rendered":"Feuersch\u00fctzen"},"content":{"rendered":"<div id=\"menu_breit\">\n<div id=\"TabbedPanels1\" class=\"TabbedPanels\">\n<div class=\"TabbedPanelsContentGroup\">\n<div class=\"TabbedPanelsContent TabbedPanelsContentVisible\">\n<h1 class=\"txt_standard\"><span style=\"color: #007851;\">Trainingszeiten<\/span><\/h1>\n<p><strong>Info f\u00fcr die Feuersch\u00fctzen: Schie\u00dfabende Abensberg<\/strong><\/p>\n<p>An Tagen an denen der Bezirkskader trainiert, kann der Langwaffenstand zum KK Schie\u00dfen ab 19 Uhr genutzt werden, ab 20 Uhr ist dann auch Gro\u00dfkaliber m\u00f6glich.<\/p>\n<p>\u2014<\/p>\n<p>Die Feuersch\u00fctzen trainieren 3 mal pro Monat im Sch\u00fctzenheim der k\u00f6niglich privilegierten Feuersch\u00fctzengesellschaft in Abensberg gegen\u00fcber der Gillamooswiese. Jeder 2. Montag im Monat ist schie\u00dffrei.<\/p>\n<p class=\"txt_standard\">An den ersten beiden Donnerstagen im Monat wird ab 18:30Uhr an den Gaust\u00e4nden am H\u00f6henhof trainiert.<\/p>\n<\/div>\n<\/div>\n<\/div>\n<\/div>\n","protected":false},"excerpt":{"rendered":"<p>Trainingszeiten Info f\u00fcr die Feuersch\u00fctzen: Schie\u00dfabende Abensberg An Tagen an denen der Bezirkskader trainiert, kann der Langwaffenstand zum KK Schie\u00dfen ab 19 Uhr genutzt werden, ab 20 Uhr ist dann auch Gro\u00dfkaliber m\u00f6glich. \u2014 Die Feuersch\u00fctzen trainieren 3 mal pro Monat im Sch\u00fctzenheim der k\u00f6niglich privilegierten Feuersch\u00fctzengesellschaft in Abensberg gegen\u00fcber der Gillamooswiese. Jeder 2. Montag &hellip; <\/p>\n<p><a class=\"more-link btn\" href=\"https:\/\/fzg-bad-abbach.de\/?page_id=182\">Weiterlesen<\/a><\/p>\n","protected":false},"author":1,"featured_media":0,"parent":36,"menu_order":2,"comment_status":"closed","ping_status":"closed","template":"","meta":[],"_links":{"self":[{"href":"https:\/\/fzg-bad-abbach.de\/index.php?rest_route=\/wp\/v2\/pages\/182"}],"collection":[{"href":"https:\/\/fzg-bad-abbach.de\/index.php?rest_route=\/wp\/v2\/pages"}],"about":[{"href":"https:\/\/fzg-bad-abbach.de\/index.php?rest_route=\/wp\/v2\/types\/page"}],"author":[{"embeddable":true,"href":"https:\/\/fzg-bad-abbach.de\/index.php?rest_route=\/wp\/v2\/users\/1"}],"replies":[{"embeddable":true,"href":"https:\/\/fzg-bad-abbach.de\/index.php?rest_route=%2Fwp%2Fv2%2Fcomments&post=182"}],"version-history":[{"count":15,"href":"https:\/\/fzg-bad-abbach.de\/index.php?rest_route=\/wp\/v2\/pages\/182\/revisions"}],"predecessor-version":[{"id":915,"href":"https:\/\/fzg-bad-abbach.de\/index.php?rest_route=\/wp\/v2\/pages\/182\/revisions\/915"}],"up":[{"embeddable":true,"href":"https:\/\/fzg-bad-abbach.de\/index.php?rest_route=\/wp\/v2\/pages\/36"}],"wp:attachment":[{"href":"https:\/\/fzg-bad-abbach.de\/index.php?rest_route=%2Fwp%2Fv2%2Fmedia&parent=182"}],"curies":[{"name":"wp","href":"https:\/\/api.w.org\/{rel}","templated":true}]}}