{"id":203,"date":"2017-02-01T13:18:24","date_gmt":"2017-02-01T13:18:24","guid":{"rendered":"https:\/\/fzg-bad-abbach.de\/?page_id=203"},"modified":"2017-02-21T22:07:21","modified_gmt":"2017-02-21T22:07:21","slug":"schuetzenkoenige","status":"publish","type":"page","link":"https:\/\/fzg-bad-abbach.de\/?page_id=203","title":{"rendered":"Sch\u00fctzenk\u00f6nige"},"content":{"rendered":"<h1><span style=\"color: #007851;\">Sch\u00fctzenk\u00f6nige seit 1951<\/span><\/h1>\n\n<table id=\"tablepress-5\" class=\"tablepress tablepress-id-5\">\n<thead>\n<tr class=\"row-1 odd\">\n\t<th class=\"column-1\">Jahr<\/th><th class=\"column-2\">Damen<\/th><th class=\"column-3\">Herren<\/th><th class=\"column-4\">Jugend<\/th><th class=\"column-5\">Luftpistole<\/th>\n<\/tr>\n<\/thead>\n<tbody class=\"row-hover\">\n<tr class=\"row-2 even\">\n\t<td class=\"column-1\">2026<\/td><td class=\"column-2\">Christina Schumann<\/td><td class=\"column-3\">Andreas Diermeier<\/td><td class=\"column-4\">Emily Fiedler<\/td><td class=\"column-5\">Christine Sedlmeier<\/td>\n<\/tr>\n<tr class=\"row-3 odd\">\n\t<td class=\"column-1\">2025<\/td><td class=\"column-2\">Christina Schuhmann<\/td><td class=\"column-3\">Franz Reisinger<\/td><td class=\"column-4\">Tobias Diermeier<\/td><td class=\"column-5\">Monika Diermeier<\/td>\n<\/tr>\n<tr class=\"row-4 even\">\n\t<td class=\"column-1\">2024<\/td><td class=\"column-2\">Elfriede Schreiner<\/td><td class=\"column-3\">Leo Paintner<\/td><td class=\"column-4\">Lena Schuhmann<\/td><td class=\"column-5\">Thomas Meier<\/td>\n<\/tr>\n<tr class=\"row-5 odd\">\n\t<td class=\"column-1\">2023<\/td><td class=\"column-2\">Elfriede Schreiner<\/td><td class=\"column-3\">Andreas Diermeier<\/td><td class=\"column-4\">Korbinian Gruber<\/td><td class=\"column-5\">Andreas Diermeier<\/td>\n<\/tr>\n<tr class=\"row-6 even\">\n\t<td class=\"column-1\">2022<\/td><td class=\"column-2\">Ursula Schr\u00f6ppel<\/td><td class=\"column-3\">Georg Schmidbauer<\/td><td class=\"column-4\">Lena Schuhmann<\/td><td class=\"column-5\">Thomas Meier<\/td>\n<\/tr>\n<tr class=\"row-7 odd\">\n\t<td class=\"column-1\">2021<\/td><td class=\"column-2\">Corona<\/td><td class=\"column-3\">Corona<\/td><td class=\"column-4\">Corona<\/td><td class=\"column-5\">Corona<\/td>\n<\/tr>\n<tr class=\"row-8 even\">\n\t<td class=\"column-1\">2020<\/td><td class=\"column-2\">Monika Diermeier<\/td><td class=\"column-3\">Matthias Neumaier<\/td><td class=\"column-4\">Korbinian Gruber<\/td><td class=\"column-5\">Willi Anetzberger<\/td>\n<\/tr>\n<tr class=\"row-9 odd\">\n\t<td class=\"column-1\">2019<\/td><td class=\"column-2\">Christl Appoltshauser<\/td><td class=\"column-3\">Johann Stockmeier<\/td><td class=\"column-4\">Lena R\u00f6tzer<\/td><td class=\"column-5\">Dr. Benedikt Gr\u00fcnewald<\/td>\n<\/tr>\n<tr class=\"row-10 even\">\n\t<td class=\"column-1\">2018<\/td><td class=\"column-2\">Christine Sedlmeier<\/td><td class=\"column-3\">Helmut Windl sen.<\/td><td class=\"column-4\">Johanna Sedlmeier<\/td><td class=\"column-5\">Christine Sedlmeier<\/td>\n<\/tr>\n<tr class=\"row-11 odd\">\n\t<td class=\"column-1\">2017<\/td><td class=\"column-2\">Franziska Sedlmeier<\/td><td class=\"column-3\">Reinhold Meny<\/td><td class=\"column-4\">Johanna Sedlmeier<\/td><td class=\"column-5\">Walter Maag<\/td>\n<\/tr>\n<tr class=\"row-12 even\">\n\t<td class=\"column-1\">2016<\/td><td class=\"column-2\">Monika Diermeier<\/td><td class=\"column-3\">Willi Anetzberger<\/td><td class=\"column-4\">Johanna Sedlmeier<\/td><td class=\"column-5\">Walter Maag<\/td>\n<\/tr>\n<tr class=\"row-13 odd\">\n\t<td class=\"column-1\">2015<\/td><td class=\"column-2\">Franziska Sedlmeier<\/td><td class=\"column-3\">Andreas Diermeier<\/td><td class=\"column-4\">Daniel Seidl-Schulz<\/td><td class=\"column-5\">Willi Anetzberger<\/td>\n<\/tr>\n<tr class=\"row-14 even\">\n\t<td class=\"column-1\">2014<\/td><td class=\"column-2\">Gordana Pfeiffer<\/td><td class=\"column-3\">Willi Anetzberger<\/td><td class=\"column-4\">Johannes Mandl<\/td><td class=\"column-5\">Helmut Windl jun.<\/td>\n<\/tr>\n<tr class=\"row-15 odd\">\n\t<td class=\"column-1\">2013<\/td><td class=\"column-2\">Christine Sedlmeier<\/td><td class=\"column-3\">Thomas Meier<\/td><td class=\"column-4\">Johannes Mandl<\/td><td class=\"column-5\">Willi Anetzberger<\/td>\n<\/tr>\n<tr class=\"row-16 even\">\n\t<td class=\"column-1\">2012<\/td><td class=\"column-2\">Susanne Anetzberger<\/td><td class=\"column-3\">Franz Sedlmeier<\/td><td class=\"column-4\">Johannes Mandl<\/td><td class=\"column-5\">Leo Paintner<\/td>\n<\/tr>\n<tr class=\"row-17 odd\">\n\t<td class=\"column-1\">2011<\/td><td class=\"column-2\">Emma Gr\u00f6schl<\/td><td class=\"column-3\">Andreas Diermeier<\/td><td class=\"column-4\">Nico Eichinger<\/td><td class=\"column-5\">Leo Paintner<\/td>\n<\/tr>\n<tr class=\"row-18 even\">\n\t<td class=\"column-1\">2010<\/td><td class=\"column-2\">Gudrun Kopp<\/td><td class=\"column-3\">Georg Schmidbauer<\/td><td class=\"column-4\">Franziska Sedlmeier<\/td><td class=\"column-5\">Willi Anetzberger<\/td>\n<\/tr>\n<tr class=\"row-19 odd\">\n\t<td class=\"column-1\">2008\/09<\/td><td class=\"column-2\">Monika Heselberger<\/td><td class=\"column-3\">Willi Anetzberger<\/td><td class=\"column-4\">Johannes Mandl<\/td><td class=\"column-5\">Christine Sedlmeier<\/td>\n<\/tr>\n<tr class=\"row-20 even\">\n\t<td class=\"column-1\">2007\/08<\/td><td class=\"column-2\">Monika Heselberger<\/td><td class=\"column-3\">Reisinger Franz<\/td><td class=\"column-4\">Mathias Neumeier<\/td><td class=\"column-5\"><\/td>\n<\/tr>\n<tr class=\"row-21 odd\">\n\t<td class=\"column-1\">2006\/07<\/td><td class=\"column-2\">Christl Appoltshauser<\/td><td class=\"column-3\">Georg Schmidbauer<\/td><td class=\"column-4\">Julia Manglkammer<\/td><td class=\"column-5\"><\/td>\n<\/tr>\n<tr class=\"row-22 even\">\n\t<td class=\"column-1\">2005\/06<\/td><td class=\"column-2\">Monika Heselberger<\/td><td class=\"column-3\">Alwin Maag<\/td><td class=\"column-4\">Mathias Neumeier<\/td><td class=\"column-5\"><\/td>\n<\/tr>\n<tr class=\"row-23 odd\">\n\t<td class=\"column-1\">2004\/05<\/td><td class=\"column-2\">Uta Appoltshauser<\/td><td class=\"column-3\">Edwin Weber<\/td><td class=\"column-4\">Martina Renner<\/td><td class=\"column-5\"><\/td>\n<\/tr>\n<tr class=\"row-24 even\">\n\t<td class=\"column-1\">2003\/04<\/td><td class=\"column-2\">Hertha Weber<\/td><td class=\"column-3\">Stefan Kopp<\/td><td class=\"column-4\">Simone Reisinger<\/td><td class=\"column-5\"><\/td>\n<\/tr>\n<tr class=\"row-25 odd\">\n\t<td class=\"column-1\">2002\/03<\/td><td class=\"column-2\">Ursula Schr\u00f6ppel<\/td><td class=\"column-3\">Anton Gr\u00f6schl<\/td><td class=\"column-4\">Christian Stockmeier<\/td><td class=\"column-5\"><\/td>\n<\/tr>\n<tr class=\"row-26 even\">\n\t<td class=\"column-1\">2001\/02<\/td><td class=\"column-2\">Christine Sedlmeier<\/td><td class=\"column-3\">Reinhold Meny<\/td><td class=\"column-4\">Martina Renner<\/td><td class=\"column-5\"><\/td>\n<\/tr>\n<tr class=\"row-27 odd\">\n\t<td class=\"column-1\">2000\/01<\/td><td class=\"column-2\">Susanne Anetzberger<\/td><td class=\"column-3\">Edwin Weber<\/td><td class=\"column-4\">Christian Stockmeier<\/td><td class=\"column-5\"><\/td>\n<\/tr>\n<tr class=\"row-28 even\">\n\t<td class=\"column-1\">1999\/00<\/td><td class=\"column-2\">Christine Sedlmeier<\/td><td class=\"column-3\">Willi Anetzberger<\/td><td class=\"column-4\">Martina Renner<\/td><td class=\"column-5\"><\/td>\n<\/tr>\n<tr class=\"row-29 odd\">\n\t<td class=\"column-1\">1998\/99<\/td><td class=\"column-2\">Ursula Schr\u00f6ppel<\/td><td class=\"column-3\">Johann Stockmeier<\/td><td class=\"column-4\">Christian Stockmeier<\/td><td class=\"column-5\"><\/td>\n<\/tr>\n<tr class=\"row-30 even\">\n\t<td class=\"column-1\">1997\/98<\/td><td class=\"column-2\">Christl Appoltshauser<\/td><td class=\"column-3\">Franz Sedlmeier<\/td><td class=\"column-4\">Sergej Rahmchen<\/td><td class=\"column-5\"><\/td>\n<\/tr>\n<tr class=\"row-31 odd\">\n\t<td class=\"column-1\">1996\/97<\/td><td class=\"column-2\">Elfriede Schreiner<\/td><td class=\"column-3\">Benedikt Gr\u00fcnewald<\/td><td class=\"column-4\">Christoph Ostermeier<\/td><td class=\"column-5\"><\/td>\n<\/tr>\n<tr class=\"row-32 even\">\n\t<td class=\"column-1\">1995\/96<\/td><td class=\"column-2\">Ursula Schr\u00f6ppel<\/td><td class=\"column-3\">Jochen Riedel<\/td><td class=\"column-4\">Stefan Str\u00f6ll<\/td><td class=\"column-5\"><\/td>\n<\/tr>\n<tr class=\"row-33 odd\">\n\t<td class=\"column-1\">1994\/95<\/td><td class=\"column-2\">Gordana Pfeiffer<\/td><td class=\"column-3\">Leo Paintner<\/td><td class=\"column-4\">Stefan Hiebl<\/td><td class=\"column-5\"><\/td>\n<\/tr>\n<tr class=\"row-34 even\">\n\t<td class=\"column-1\">1993\/94<\/td><td class=\"column-2\">Christine Sedlmeier<\/td><td class=\"column-3\">Edwin Weber<\/td><td class=\"column-4\">J\u00fcrgen Stockmeier<\/td><td class=\"column-5\"><\/td>\n<\/tr>\n<tr class=\"row-35 odd\">\n\t<td class=\"column-1\">1992\/93<\/td><td class=\"column-2\">Emma Gr\u00f6schl<\/td><td class=\"column-3\">Georg Schmidbauer<\/td><td class=\"column-4\">Benedikt Gr\u00fcnewald<\/td><td class=\"column-5\"><\/td>\n<\/tr>\n<tr class=\"row-36 even\">\n\t<td class=\"column-1\">1991\/92<\/td><td class=\"column-2\">Ursula Schr\u00f6ppel<\/td><td class=\"column-3\">Franz Sedlmeier<\/td><td class=\"column-4\"><\/td><td class=\"column-5\"><\/td>\n<\/tr>\n<tr class=\"row-37 odd\">\n\t<td class=\"column-1\">1990\/91<\/td><td class=\"column-2\">Christine Wagner<\/td><td class=\"column-3\">Anton Gr\u00f6schl<\/td><td class=\"column-4\">J\u00fcrgen Stockmeier<\/td><td class=\"column-5\"><\/td>\n<\/tr>\n<tr class=\"row-38 even\">\n\t<td class=\"column-1\">1989\/90<\/td><td class=\"column-2\">Hertha Weber<\/td><td class=\"column-3\">Johann Stockmeier<\/td><td class=\"column-4\"><\/td><td class=\"column-5\"><\/td>\n<\/tr>\n<tr class=\"row-39 odd\">\n\t<td class=\"column-1\">1988\/89<\/td><td class=\"column-2\">Ursula Schr\u00f6ppel<\/td><td class=\"column-3\">Peter Paintner<\/td><td class=\"column-4\">Bettina Kolb<\/td><td class=\"column-5\"><\/td>\n<\/tr>\n<tr class=\"row-40 even\">\n\t<td class=\"column-1\">1987\/88<\/td><td class=\"column-2\">Ursula Schr\u00f6ppel<\/td><td class=\"column-3\">Klaus Baumgart<\/td><td class=\"column-4\">Franz Sedlmeier<\/td><td class=\"column-5\"><\/td>\n<\/tr>\n<tr class=\"row-41 odd\">\n\t<td class=\"column-1\">1986\/87<\/td><td class=\"column-2\">Hertha Weber<\/td><td class=\"column-3\">Heinz Rappl<\/td><td class=\"column-4\">Christine Wagner<\/td><td class=\"column-5\"><\/td>\n<\/tr>\n<tr class=\"row-42 even\">\n\t<td class=\"column-1\">1985\/86<\/td><td class=\"column-2\">Martha Platiel<\/td><td class=\"column-3\">Dietmar Sauer<\/td><td class=\"column-4\"><\/td><td class=\"column-5\"><\/td>\n<\/tr>\n<tr class=\"row-43 odd\">\n\t<td class=\"column-1\">1984\/85<\/td><td class=\"column-2\">Christa Kristl<\/td><td class=\"column-3\">Leo Paintner<\/td><td class=\"column-4\"><\/td><td class=\"column-5\"><\/td>\n<\/tr>\n<tr class=\"row-44 even\">\n\t<td class=\"column-1\">1983\/84<\/td><td class=\"column-2\">Hertha Weber<\/td><td class=\"column-3\">Albert M\u00fcller<\/td><td class=\"column-4\"><\/td><td class=\"column-5\"><\/td>\n<\/tr>\n<tr class=\"row-45 odd\">\n\t<td class=\"column-1\">1982\/83<\/td><td class=\"column-2\">Martha Windl<\/td><td class=\"column-3\">Heinz Meny<\/td><td class=\"column-4\"><\/td><td class=\"column-5\"><\/td>\n<\/tr>\n<tr class=\"row-46 even\">\n\t<td class=\"column-1\">1981\/82<\/td><td class=\"column-2\">Martha Windl<\/td><td class=\"column-3\">Reinhold Meny<\/td><td class=\"column-4\"><\/td><td class=\"column-5\"><\/td>\n<\/tr>\n<tr class=\"row-47 odd\">\n\t<td class=\"column-1\">1980\/81<\/td><td class=\"column-2\">Elfriede Niedermeier<\/td><td class=\"column-3\">Reinhold Meny<\/td><td class=\"column-4\"><\/td><td class=\"column-5\"><\/td>\n<\/tr>\n<tr class=\"row-48 even\">\n\t<td class=\"column-1\">1979\/80<\/td><td class=\"column-2\">Elfriede M\u00fcller<\/td><td class=\"column-3\">Lothar Kopp<\/td><td class=\"column-4\"><\/td><td class=\"column-5\"><\/td>\n<\/tr>\n<tr class=\"row-49 odd\">\n\t<td class=\"column-1\">1978\/79<\/td><td class=\"column-2\">Herta Weber<\/td><td class=\"column-3\">Lothar Kopp<\/td><td class=\"column-4\"><\/td><td class=\"column-5\"><\/td>\n<\/tr>\n<tr class=\"row-50 even\">\n\t<td class=\"column-1\">1977\/78<\/td><td class=\"column-2\">Martha Windl<\/td><td class=\"column-3\">Heinz Sauer<\/td><td class=\"column-4\"><\/td><td class=\"column-5\"><\/td>\n<\/tr>\n<tr class=\"row-51 odd\">\n\t<td class=\"column-1\">1976\/77<\/td><td class=\"column-2\"><\/td><td class=\"column-3\">Heinz Sauer<\/td><td class=\"column-4\"><\/td><td class=\"column-5\"><\/td>\n<\/tr>\n<tr class=\"row-52 even\">\n\t<td class=\"column-1\">1975\/76<\/td><td class=\"column-2\"><\/td><td class=\"column-3\">Franz Meny<\/td><td class=\"column-4\"><\/td><td class=\"column-5\"><\/td>\n<\/tr>\n<tr class=\"row-53 odd\">\n\t<td class=\"column-1\">1974\/75<\/td><td class=\"column-2\"><\/td><td class=\"column-3\">Sebastian Melzl<\/td><td class=\"column-4\"><\/td><td class=\"column-5\"><\/td>\n<\/tr>\n<tr class=\"row-54 even\">\n\t<td class=\"column-1\">1973\/74<\/td><td class=\"column-2\"><\/td><td class=\"column-3\">Helmut Zirngibl<\/td><td class=\"column-4\"><\/td><td class=\"column-5\"><\/td>\n<\/tr>\n<tr class=\"row-55 odd\">\n\t<td class=\"column-1\">1972\/73<\/td><td class=\"column-2\"><\/td><td class=\"column-3\">Heinz Rappl<\/td><td class=\"column-4\"><\/td><td class=\"column-5\"><\/td>\n<\/tr>\n<tr class=\"row-56 even\">\n\t<td class=\"column-1\">1971\/72<\/td><td class=\"column-2\"><\/td><td class=\"column-3\">Hubert Kraml<\/td><td class=\"column-4\"><\/td><td class=\"column-5\"><\/td>\n<\/tr>\n<tr class=\"row-57 odd\">\n\t<td class=\"column-1\">1970\/71<\/td><td class=\"column-2\"><\/td><td class=\"column-3\">Sebastian Melzl<\/td><td class=\"column-4\"><\/td><td class=\"column-5\"><\/td>\n<\/tr>\n<tr class=\"row-58 even\">\n\t<td class=\"column-1\">1969\/70<\/td><td class=\"column-2\"><\/td><td class=\"column-3\">Walter Kammermeier<\/td><td class=\"column-4\"><\/td><td class=\"column-5\"><\/td>\n<\/tr>\n<tr class=\"row-59 odd\">\n\t<td class=\"column-1\">1968\/69<\/td><td class=\"column-2\"><\/td><td class=\"column-3\">Hubert Kraml<\/td><td class=\"column-4\"><\/td><td class=\"column-5\"><\/td>\n<\/tr>\n<tr class=\"row-60 even\">\n\t<td class=\"column-1\">1967\/68<\/td><td class=\"column-2\"><\/td><td class=\"column-3\">Walter Kammermeier<\/td><td class=\"column-4\"><\/td><td class=\"column-5\"><\/td>\n<\/tr>\n<tr class=\"row-61 odd\">\n\t<td class=\"column-1\">1966\/67<\/td><td class=\"column-2\"><\/td><td class=\"column-3\">Heinz Sauer<\/td><td class=\"column-4\"><\/td><td class=\"column-5\"><\/td>\n<\/tr>\n<tr class=\"row-62 even\">\n\t<td class=\"column-1\">1965\/66<\/td><td class=\"column-2\"><\/td><td class=\"column-3\">Anton Aubele<\/td><td class=\"column-4\"><\/td><td class=\"column-5\"><\/td>\n<\/tr>\n<tr class=\"row-63 odd\">\n\t<td class=\"column-1\">1964\/65<\/td><td class=\"column-2\"><\/td><td class=\"column-3\">Heinz Rappl<\/td><td class=\"column-4\"><\/td><td class=\"column-5\"><\/td>\n<\/tr>\n<tr class=\"row-64 even\">\n\t<td class=\"column-1\">1963\/64<\/td><td class=\"column-2\"><\/td><td class=\"column-3\">Max Meier<\/td><td class=\"column-4\"><\/td><td class=\"column-5\"><\/td>\n<\/tr>\n<tr class=\"row-65 odd\">\n\t<td class=\"column-1\">1962\/63<\/td><td class=\"column-2\"><\/td><td class=\"column-3\">Andre Kammermeier<\/td><td class=\"column-4\"><\/td><td class=\"column-5\"><\/td>\n<\/tr>\n<tr class=\"row-66 even\">\n\t<td class=\"column-1\">1961\/62<\/td><td class=\"column-2\"><\/td><td class=\"column-3\">Franz Meny<\/td><td class=\"column-4\"><\/td><td class=\"column-5\"><\/td>\n<\/tr>\n<tr class=\"row-67 odd\">\n\t<td class=\"column-1\">1960\/61<\/td><td class=\"column-2\"><\/td><td class=\"column-3\">Albert Kammermeier<\/td><td class=\"column-4\"><\/td><td class=\"column-5\"><\/td>\n<\/tr>\n<tr class=\"row-68 even\">\n\t<td class=\"column-1\">1959\/60<\/td><td class=\"column-2\"><\/td><td class=\"column-3\">Sigl Bucher<\/td><td class=\"column-4\"><\/td><td class=\"column-5\"><\/td>\n<\/tr>\n<tr class=\"row-69 odd\">\n\t<td class=\"column-1\">1958\/59<\/td><td class=\"column-2\"><\/td><td class=\"column-3\">Albert Kammermeier<\/td><td class=\"column-4\"><\/td><td class=\"column-5\"><\/td>\n<\/tr>\n<tr class=\"row-70 even\">\n\t<td class=\"column-1\">1957\/58<\/td><td class=\"column-2\"><\/td><td class=\"column-3\">Andre Kammermeier<\/td><td class=\"column-4\"><\/td><td class=\"column-5\"><\/td>\n<\/tr>\n<tr class=\"row-71 odd\">\n\t<td class=\"column-1\">1956\/57<\/td><td class=\"column-2\"><\/td><td class=\"column-3\">Martin Stockmeier<\/td><td class=\"column-4\"><\/td><td class=\"column-5\"><\/td>\n<\/tr>\n<tr class=\"row-72 even\">\n\t<td class=\"column-1\">1955\/56<\/td><td class=\"column-2\"><\/td><td class=\"column-3\">Xaver K\u00f6tterl<\/td><td class=\"column-4\"><\/td><td class=\"column-5\"><\/td>\n<\/tr>\n<tr class=\"row-73 odd\">\n\t<td class=\"column-1\">1954\/55<\/td><td class=\"column-2\"><\/td><td class=\"column-3\">Karl Sturz<\/td><td class=\"column-4\"><\/td><td class=\"column-5\"><\/td>\n<\/tr>\n<tr class=\"row-74 even\">\n\t<td class=\"column-1\">1953\/54<\/td><td class=\"column-2\"><\/td><td class=\"column-3\">Andre Kammermeier<\/td><td class=\"column-4\"><\/td><td class=\"column-5\"><\/td>\n<\/tr>\n<tr class=\"row-75 odd\">\n\t<td class=\"column-1\">1952\/53<\/td><td class=\"column-2\"><\/td><td class=\"column-3\">Martin Aubele<\/td><td class=\"column-4\"><\/td><td class=\"column-5\"><\/td>\n<\/tr>\n<tr class=\"row-76 even\">\n\t<td class=\"column-1\">1951\/52<\/td><td class=\"column-2\"><\/td><td class=\"column-3\">Albert Kammermeier<\/td><td class=\"column-4\"><\/td><td class=\"column-5\"><\/td>\n<\/tr>\n<\/tbody>\n<\/table>\n<!-- #tablepress-5 from cache -->\n<h1><span style=\"color: #007851;\">Rekordk\u00f6nige und Lieseln<\/span><\/h1>\n<p>Im Folgenden ist jeweils die Anzahl aller K\u00f6nigstitel zusammengefasst, inklusive Jugenk\u00f6nig- und Luftpistolenk\u00f6nigstitel.<\/p>\n\n<table id=\"tablepress-6\" class=\"tablepress tablepress-id-6\">\n<thead>\n<tr class=\"row-1 odd\">\n\t<th class=\"column-1\">Name<\/th><th class=\"column-2\">Anzahl der Titel<\/th>\n<\/tr>\n<\/thead>\n<tbody class=\"row-hover\">\n<tr class=\"row-2 even\">\n\t<td class=\"column-1\">Willi Anetzberger<\/td><td class=\"column-2\">7<\/td>\n<\/tr>\n<tr class=\"row-3 odd\">\n\t<td class=\"column-1\">Christine Sedlmeier<\/td><td class=\"column-2\">7<\/td>\n<\/tr>\n<tr class=\"row-4 even\">\n\t<td class=\"column-1\">Ursula Schr\u00f6ppel<\/td><td class=\"column-2\">6<\/td>\n<\/tr>\n<tr class=\"row-5 odd\">\n\t<td class=\"column-1\">Leo Paintner<\/td><td class=\"column-2\">4<\/td>\n<\/tr>\n<tr class=\"row-6 even\">\n\t<td class=\"column-1\">Franz Sedlmeier<\/td><td class=\"column-2\">4<\/td>\n<\/tr>\n<tr class=\"row-7 odd\">\n\t<td class=\"column-1\">Hertha Weber<\/td><td class=\"column-2\">4<\/td>\n<\/tr>\n<tr class=\"row-8 even\">\n\t<td class=\"column-1\">Monika Diermeier<\/td><td class=\"column-2\">4<\/td>\n<\/tr>\n<tr class=\"row-9 odd\">\n\t<td class=\"column-1\">Johannes Mandl<\/td><td class=\"column-2\">4<\/td>\n<\/tr>\n<tr class=\"row-10 even\">\n\t<td class=\"column-1\">Reinhold Meny<\/td><td class=\"column-2\">4<\/td>\n<\/tr>\n<\/tbody>\n<\/table>\n<!-- #tablepress-6 from cache -->\n","protected":false},"excerpt":{"rendered":"<p>Sch\u00fctzenk\u00f6nige seit 1951 Rekordk\u00f6nige und Lieseln Im Folgenden ist jeweils die Anzahl aller K\u00f6nigstitel zusammengefasst, inklusive Jugenk\u00f6nig- und Luftpistolenk\u00f6nigstitel.<\/p>\n","protected":false},"author":1,"featured_media":0,"parent":42,"menu_order":1,"comment_status":"closed","ping_status":"closed","template":"","meta":[],"_links":{"self":[{"href":"https:\/\/fzg-bad-abbach.de\/index.php?rest_route=\/wp\/v2\/pages\/203"}],"collection":[{"href":"https:\/\/fzg-bad-abbach.de\/index.php?rest_route=\/wp\/v2\/pages"}],"about":[{"href":"https:\/\/fzg-bad-abbach.de\/index.php?rest_route=\/wp\/v2\/types\/page"}],"author":[{"embeddable":true,"href":"https:\/\/fzg-bad-abbach.de\/index.php?rest_route=\/wp\/v2\/users\/1"}],"replies":[{"embeddable":true,"href":"https:\/\/fzg-bad-abbach.de\/index.php?rest_route=%2Fwp%2Fv2%2Fcomments&post=203"}],"version-history":[{"count":2,"href":"https:\/\/fzg-bad-abbach.de\/index.php?rest_route=\/wp\/v2\/pages\/203\/revisions"}],"predecessor-version":[{"id":209,"href":"https:\/\/fzg-bad-abbach.de\/index.php?rest_route=\/wp\/v2\/pages\/203\/revisions\/209"}],"up":[{"embeddable":true,"href":"https:\/\/fzg-bad-abbach.de\/index.php?rest_route=\/wp\/v2\/pages\/42"}],"wp:attachment":[{"href":"https:\/\/fzg-bad-abbach.de\/index.php?rest_route=%2Fwp%2Fv2%2Fmedia&parent=203"}],"curies":[{"name":"wp","href":"https:\/\/api.w.org\/{rel}","templated":true}]}}