{"id":229,"date":"2017-02-01T13:48:25","date_gmt":"2017-02-01T13:48:25","guid":{"rendered":"https:\/\/fzg-bad-abbach.de\/?page_id=229"},"modified":"2017-02-21T22:08:13","modified_gmt":"2017-02-21T22:08:13","slug":"lyrisches","status":"publish","type":"page","link":"https:\/\/fzg-bad-abbach.de\/?page_id=229","title":{"rendered":"Lyrisches"},"content":{"rendered":"<p><img decoding=\"async\" loading=\"lazy\" class=\"size-full wp-image-278 alignleft\" src=\"https:\/\/fzg-bad-abbach.de\/wp-content\/uploads\/2017\/02\/heese.jpg\" alt=\"\" width=\"120\" height=\"129\" \/><\/p>\n<p>&nbsp;<\/p>\n<p>&nbsp;<\/p>\n<p>&nbsp;<\/p>\n<p>Auf dieser Seite finden Sie neben dem Bad Abbacher B\u00f6llerlied lyrische Beobachtungen<br \/>\nunseres Sch\u00fctzenbruders Franz Heselberger zu verschiedenen Anl\u00e4ssen, Festen und Feiern.<\/p>\n<h1 class=\"txt_headline\"><\/h1>\n<p>&nbsp;<\/p>\n<h1 class=\"txt_headline\"><span style=\"color: #007851;\">Der Kranz h\u00e4ngt schief<\/span><\/h1>\n<p class=\"txt_standard\">Beobachtungen von Franz Heselberger am 1. Mai 2012 die dazu f\u00fchrten, dass der Maibaum zwar erfolgreich aufgerichtet wurde, jeoch infolge einer Unachtsamkeit die Ortsmitte mit einem Sch\u00f6nheitsfehler zierte. <a href=\"https:\/\/fzg-bad-abbach.de\/wp-content\/uploads\/2017\/02\/Der-Kranz-ha\u0308ngt-schief.pdf\">Das Gedicht als PDF finden Sie hier.<\/a><\/p>\n<p class=\"txt_standard\"><img decoding=\"async\" loading=\"lazy\" class=\"aligncenter size-full wp-image-231\" src=\"https:\/\/fzg-bad-abbach.de\/wp-content\/uploads\/2017\/02\/kranz.jpg\" alt=\"\" width=\"377\" height=\"750\" srcset=\"https:\/\/fzg-bad-abbach.de\/wp-content\/uploads\/2017\/02\/kranz.jpg 377w, https:\/\/fzg-bad-abbach.de\/wp-content\/uploads\/2017\/02\/kranz-151x300.jpg 151w\" sizes=\"(max-width: 377px) 100vw, 377px\" \/><\/p>\n<h1><span class=\"txt_headline\" style=\"color: #007851;\">Das Abbacher B\u00f6llerlied<\/span><\/h1>\n<p class=\"txt_standard\">Den Text zum &#8222;Abbacher B\u00f6llerlied&#8220; dichtete Franz Heselberger im Jahr 2010 nach der Melodie des Cowboy Songs &#8222;(Ghost) Riders in the Sky: A Cowboy Legend&#8220;, den Stan Jones 1948 komponierte. Das <a href=\"https:\/\/fzg-bad-abbach.de\/wp-content\/uploads\/2017\/02\/Abbacher-Bo\u0308llerlied.pdf\">Abbacher B\u00f6llerlied gibt es hier auch als PDF<\/a>.<\/p>\n<p class=\"txt_standard\"><img decoding=\"async\" loading=\"lazy\" class=\"aligncenter size-full wp-image-230\" src=\"https:\/\/fzg-bad-abbach.de\/wp-content\/uploads\/2017\/02\/boellerlied.jpg\" alt=\"\" width=\"500\" height=\"653\" srcset=\"https:\/\/fzg-bad-abbach.de\/wp-content\/uploads\/2017\/02\/boellerlied.jpg 500w, https:\/\/fzg-bad-abbach.de\/wp-content\/uploads\/2017\/02\/boellerlied-230x300.jpg 230w\" sizes=\"(max-width: 500px) 100vw, 500px\" \/><\/p>\n","protected":false},"excerpt":{"rendered":"<p>&nbsp; &nbsp; &nbsp; Auf dieser Seite finden Sie neben dem Bad Abbacher B\u00f6llerlied lyrische Beobachtungen unseres Sch\u00fctzenbruders Franz Heselberger zu verschiedenen Anl\u00e4ssen, Festen und Feiern. &nbsp; Der Kranz h\u00e4ngt schief Beobachtungen von Franz Heselberger am 1. Mai 2012 die dazu f\u00fchrten, dass der Maibaum zwar erfolgreich aufgerichtet wurde, jeoch infolge einer Unachtsamkeit die Ortsmitte mit &hellip; <\/p>\n<p><a class=\"more-link btn\" href=\"https:\/\/fzg-bad-abbach.de\/?page_id=229\">Weiterlesen<\/a><\/p>\n","protected":false},"author":1,"featured_media":0,"parent":42,"menu_order":4,"comment_status":"closed","ping_status":"closed","template":"","meta":[],"_links":{"self":[{"href":"https:\/\/fzg-bad-abbach.de\/index.php?rest_route=\/wp\/v2\/pages\/229"}],"collection":[{"href":"https:\/\/fzg-bad-abbach.de\/index.php?rest_route=\/wp\/v2\/pages"}],"about":[{"href":"https:\/\/fzg-bad-abbach.de\/index.php?rest_route=\/wp\/v2\/types\/page"}],"author":[{"embeddable":true,"href":"https:\/\/fzg-bad-abbach.de\/index.php?rest_route=\/wp\/v2\/users\/1"}],"replies":[{"embeddable":true,"href":"https:\/\/fzg-bad-abbach.de\/index.php?rest_route=%2Fwp%2Fv2%2Fcomments&post=229"}],"version-history":[{"count":3,"href":"https:\/\/fzg-bad-abbach.de\/index.php?rest_route=\/wp\/v2\/pages\/229\/revisions"}],"predecessor-version":[{"id":280,"href":"https:\/\/fzg-bad-abbach.de\/index.php?rest_route=\/wp\/v2\/pages\/229\/revisions\/280"}],"up":[{"embeddable":true,"href":"https:\/\/fzg-bad-abbach.de\/index.php?rest_route=\/wp\/v2\/pages\/42"}],"wp:attachment":[{"href":"https:\/\/fzg-bad-abbach.de\/index.php?rest_route=%2Fwp%2Fv2%2Fmedia&parent=229"}],"curies":[{"name":"wp","href":"https:\/\/api.w.org\/{rel}","templated":true}]}}